{"id":2640,"date":"2026-04-10T11:31:51","date_gmt":"2026-04-10T16:31:51","guid":{"rendered":"https:\/\/anotadito.com\/charlie\/?page_id=2640"},"modified":"2026-04-10T11:32:42","modified_gmt":"2026-04-10T16:32:42","slug":"metodos-de-pago","status":"publish","type":"page","link":"https:\/\/anotadito.com\/charlie\/metodos-de-pago\/","title":{"rendered":"M\u00e9todos de pago"},"content":{"rendered":"\t\t<div data-elementor-type=\"wp-page\" data-elementor-id=\"2640\" class=\"elementor elementor-2640\" data-elementor-post-type=\"page\">\n\t\t\t\t<div class=\"aux-parallax-section elementor-element elementor-element-73747cb e-flex e-con-boxed e-con e-parent\" data-id=\"73747cb\" data-element_type=\"container\" data-e-type=\"container\">\n\t\t\t\t\t<div class=\"e-con-inner\">\n\t\t\t\t<div class=\"elementor-element elementor-element-be2a9c8 elementor-widget elementor-widget-spacer\" data-id=\"be2a9c8\" data-element_type=\"widget\" data-e-type=\"widget\" data-widget_type=\"spacer.default\">\n\t\t\t\t<div class=\"elementor-widget-container\">\n\t\t\t\t\t\t\t<div class=\"elementor-spacer\">\n\t\t\t<div class=\"elementor-spacer-inner\"><\/div>\n\t\t<\/div>\n\t\t\t\t\t\t<\/div>\n\t\t\t\t<\/div>\n\t\t\t\t<div class=\"elementor-element elementor-element-8a7dcd4 elementor-widget elementor-widget-aux_modern_heading\" data-id=\"8a7dcd4\" data-element_type=\"widget\" data-e-type=\"widget\" data-widget_type=\"aux_modern_heading.default\">\n\t\t\t\t<div class=\"elementor-widget-container\">\n\t\t\t\t\t<section class=\"aux-widget-modern-heading\">\n            <div class=\"aux-widget-inner\"><h2 class=\"aux-modern-heading-primary\"><\/h2><div class=\"aux-modern-heading-divider\"><\/div><div class=\"aux-modern-heading-description\"><section style=\"font-family: 'Segoe UI', sans-serif;color: #333;line-height: 1.6;max-width: 800px;margin: auto\">\n\n  <h1 style=\"text-align: center;color: #5a2d82\">M\u00e9todos de pago<\/h1>\n  <p style=\"text-align: center\">Elige la opci\u00f3n que te resulte m\u00e1s c\u00f3moda y segura \ud83d\udcb3<\/p>\n\n  <hr>\n\n  <!-- YAPE \/ PLIN -->\n  <div style=\"margin-bottom: 25px\">\n    <h3>\ud83d\udcf1 Yape \/ Plin<\/h3>\n    <p>Puedes realizar tu pago de forma r\u00e1pida mediante Yape o Plin.<\/p>\n\n    <ul>\n      <li>Realiza el pago al n\u00famero: <strong>947 390 524<\/strong><\/li>\n      <li>Env\u00eda tu comprobante por WhatsApp<\/li>\n    <\/ul>\n\n    <p><strong>Importante:<\/strong> Tu pedido ser\u00e1 confirmado una vez verifiquemos el pago.<\/p>\n  <\/div>\n\n  <!-- TARJETAS -->\n  <div style=\"margin-bottom: 25px\">\n    <h3>\ud83d\udcb3 Tarjeta de d\u00e9bito o cr\u00e9dito<\/h3>\n    <p>Puedes pagar con total seguridad usando tu tarjeta a trav\u00e9s de nuestra pasarela de pago.<\/p>\n\n    <ul>\n      <li>Aceptamos tarjetas de d\u00e9bito y cr\u00e9dito<\/li>\n      <li>Proceso autom\u00e1tico e inmediato<\/li>\n      <li>No necesitas enviar comprobante<\/li>\n    <\/ul>\n\n    <p>\ud83d\udd12 Tus datos est\u00e1n protegidos mediante sistemas de seguridad.<\/p>\n  <\/div>\n\n  <!-- BLOQUE CONFIANZA -->\n  <div style=\"border: 2px dashed #5a2d82;background-color: #f7f2fb;padding: 20px;border-radius: 12px;margin-top: 25px\">\n    \n    <h3 style=\"color:#5a2d82;margin-top:0\">\ud83d\udd10 Compra con confianza<\/h3>\n\n    <ul>\n      <li>\u2714 Procesamos tu pedido solo despu\u00e9s de confirmar el pago<\/li>\n      <li>\u2714 Te contactamos si hay alg\u00fan detalle adicional<\/li>\n      <li>\u2714 Recibir\u00e1s foto o video de tu producto antes del env\u00edo<\/li>\n    <\/ul>\n\n  <\/div>\n\n  <!-- CUPONES -->\n  <div style=\"margin-top: 25px\">\n    <h3>\ud83c\udf81 Cupones de descuento<\/h3>\n    <p>Si cuentas con un cup\u00f3n, puedes aplicarlo durante el proceso de compra antes de finalizar tu pedido.<\/p>\n  <\/div>\n\n  <!-- BOTONES -->\n  <div style=\"text-align:center;margin-top:30px\">\n    <a href=\"\/tienda\" style=\"background:#5a2d82;color:white;padding:14px 22px;border-radius:10px;text-decoration:none;margin:5px;display:inline-block\">\n      \ud83d\uded2 Ir a la tienda\n    <\/a>\n\n    <a href=\"https:\/\/wa.me\/51947390524\" target=\"_blank\" style=\"background:#25D366;color:white;padding:14px 22px;border-radius:10px;text-decoration:none;margin:5px;display:inline-block\">\n      \ud83d\udcf2 Consultar por WhatsApp\n    <\/a>\n  <\/div>\n\n  <hr>\n\n  <p style=\"text-align: center\">\n    \ud83d\udc9c En Anotadito hacemos que tu compra sea f\u00e1cil, r\u00e1pida y segura \ud83d\udc9c\n  <\/p>\n\n<\/section><\/div><\/div>\n        <\/section>\t\t\t\t<\/div>\n\t\t\t\t<\/div>\n\t\t\t\t\t<\/div>\n\t\t\t\t<\/div>\n\t\t\t\t<\/div>\n\t\t","protected":false},"excerpt":{"rendered":"<p>M\u00e9todos de pago Elige la opci\u00f3n que te resulte m\u00e1s c\u00f3moda y segura \ud83d\udcb3 \ud83d\udcf1 Yape \/ Plin Puedes realizar tu pago de forma r\u00e1pida mediante Yape o Plin. Realiza el pago al n\u00famero: 947 390 524 Env\u00eda tu comprobante por WhatsApp Importante: Tu pedido ser\u00e1 confirmado una vez verifiquemos el pago. \ud83d\udcb3 Tarjeta de [&hellip;]<\/p>\n","protected":false},"author":1,"featured_media":0,"parent":0,"menu_order":0,"comment_status":"closed","ping_status":"closed","template":"","meta":{"footnotes":""},"class_list":["post-2640","page","type-page","status-publish","hentry"],"yoast_head":"<!-- This site is optimized with the Yoast SEO plugin v27.4 - https:\/\/yoast.com\/product\/yoast-seo-wordpress\/ -->\n<title>M\u00e9todos de pago - Anotadito | Cuadernos y Agendas Personalizadas<\/title>\n<meta name=\"robots\" content=\"noindex, follow, max-snippet:-1, max-image-preview:large, max-video-preview:-1\" \/>\n<meta property=\"og:locale\" content=\"es_ES\" \/>\n<meta property=\"og:type\" content=\"article\" \/>\n<meta property=\"og:title\" content=\"M\u00e9todos de pago - Anotadito | Cuadernos y Agendas Personalizadas\" \/>\n<meta property=\"og:description\" content=\"M\u00e9todos de pago Elige la opci\u00f3n que te resulte m\u00e1s c\u00f3moda y segura \ud83d\udcb3 \ud83d\udcf1 Yape \/ Plin Puedes realizar tu pago de forma r\u00e1pida mediante Yape o Plin. Realiza el pago al n\u00famero: 947 390 524 Env\u00eda tu comprobante por WhatsApp Importante: Tu pedido ser\u00e1 confirmado una vez verifiquemos el pago. \ud83d\udcb3 Tarjeta de [&hellip;]\" \/>\n<meta property=\"og:url\" content=\"https:\/\/anotadito.com\/charlie\/metodos-de-pago\/\" \/>\n<meta property=\"og:site_name\" content=\"Anotadito | Cuadernos y Agendas Personalizadas\" \/>\n<meta property=\"article:publisher\" content=\"https:\/\/www.facebook.com\/anotadito\" \/>\n<meta property=\"article:modified_time\" content=\"2026-04-10T16:32:42+00:00\" \/>\n<meta name=\"twitter:card\" content=\"summary_large_image\" \/>\n<meta name=\"twitter:label1\" content=\"Tiempo de lectura\" \/>\n\t<meta name=\"twitter:data1\" content=\"4 minutos\" \/>\n<script type=\"application\/ld+json\" class=\"yoast-schema-graph\">{\"@context\":\"https:\\\/\\\/schema.org\",\"@graph\":[{\"@type\":\"WebPage\",\"@id\":\"https:\\\/\\\/anotadito.com\\\/charlie\\\/metodos-de-pago\\\/\",\"url\":\"https:\\\/\\\/anotadito.com\\\/charlie\\\/metodos-de-pago\\\/\",\"name\":\"M\u00e9todos de pago - Anotadito | Cuadernos y Agendas Personalizadas\",\"isPartOf\":{\"@id\":\"https:\\\/\\\/anotadito.com\\\/charlie\\\/#website\"},\"datePublished\":\"2026-04-10T16:31:51+00:00\",\"dateModified\":\"2026-04-10T16:32:42+00:00\",\"breadcrumb\":{\"@id\":\"https:\\\/\\\/anotadito.com\\\/charlie\\\/metodos-de-pago\\\/#breadcrumb\"},\"inLanguage\":\"es\",\"potentialAction\":[{\"@type\":\"ReadAction\",\"target\":[\"https:\\\/\\\/anotadito.com\\\/charlie\\\/metodos-de-pago\\\/\"]}]},{\"@type\":\"BreadcrumbList\",\"@id\":\"https:\\\/\\\/anotadito.com\\\/charlie\\\/metodos-de-pago\\\/#breadcrumb\",\"itemListElement\":[{\"@type\":\"ListItem\",\"position\":1,\"name\":\"Portada\",\"item\":\"https:\\\/\\\/anotadito.com\\\/charlie\\\/\"},{\"@type\":\"ListItem\",\"position\":2,\"name\":\"M\u00e9todos de pago\"}]},{\"@type\":\"WebSite\",\"@id\":\"https:\\\/\\\/anotadito.com\\\/charlie\\\/#website\",\"url\":\"https:\\\/\\\/anotadito.com\\\/charlie\\\/\",\"name\":\"Anotadito | Agendas y Cuadernos Personalizados en Per\u00fa\",\"description\":\"Cuadernos y agendas personalizadas hechas a pedido. Env\u00edos a todo el Per\u00fa.\",\"publisher\":{\"@id\":\"https:\\\/\\\/anotadito.com\\\/charlie\\\/#organization\"},\"potentialAction\":[{\"@type\":\"SearchAction\",\"target\":{\"@type\":\"EntryPoint\",\"urlTemplate\":\"https:\\\/\\\/anotadito.com\\\/charlie\\\/?s={search_term_string}\"},\"query-input\":{\"@type\":\"PropertyValueSpecification\",\"valueRequired\":true,\"valueName\":\"search_term_string\"}}],\"inLanguage\":\"es\"},{\"@type\":\"Organization\",\"@id\":\"https:\\\/\\\/anotadito.com\\\/charlie\\\/#organization\",\"name\":\"Anotadito | Agendas y Cuadernos Personalizados en Per\u00fa\",\"url\":\"https:\\\/\\\/anotadito.com\\\/charlie\\\/\",\"logo\":{\"@type\":\"ImageObject\",\"inLanguage\":\"es\",\"@id\":\"https:\\\/\\\/anotadito.com\\\/charlie\\\/#\\\/schema\\\/logo\\\/image\\\/\",\"url\":\"https:\\\/\\\/anotadito.com\\\/charlie\\\/wp-content\\\/uploads\\\/2026\\\/03\\\/logo01.webp\",\"contentUrl\":\"https:\\\/\\\/anotadito.com\\\/charlie\\\/wp-content\\\/uploads\\\/2026\\\/03\\\/logo01.webp\",\"width\":238,\"height\":112,\"caption\":\"Anotadito | Agendas y Cuadernos Personalizados en Per\u00fa\"},\"image\":{\"@id\":\"https:\\\/\\\/anotadito.com\\\/charlie\\\/#\\\/schema\\\/logo\\\/image\\\/\"},\"sameAs\":[\"https:\\\/\\\/www.facebook.com\\\/anotadito\",\"https:\\\/\\\/www.instagram.com\\\/anotadito\\\/\"]}]}<\/script>\n<!-- \/ Yoast SEO plugin. -->","yoast_head_json":{"title":"M\u00e9todos de pago - Anotadito | Cuadernos y Agendas Personalizadas","robots":{"index":"noindex","follow":"follow","max-snippet":"max-snippet:-1","max-image-preview":"max-image-preview:large","max-video-preview":"max-video-preview:-1"},"og_locale":"es_ES","og_type":"article","og_title":"M\u00e9todos de pago - Anotadito | Cuadernos y Agendas Personalizadas","og_description":"M\u00e9todos de pago Elige la opci\u00f3n que te resulte m\u00e1s c\u00f3moda y segura \ud83d\udcb3 \ud83d\udcf1 Yape \/ Plin Puedes realizar tu pago de forma r\u00e1pida mediante Yape o Plin. Realiza el pago al n\u00famero: 947 390 524 Env\u00eda tu comprobante por WhatsApp Importante: Tu pedido ser\u00e1 confirmado una vez verifiquemos el pago. \ud83d\udcb3 Tarjeta de [&hellip;]","og_url":"https:\/\/anotadito.com\/charlie\/metodos-de-pago\/","og_site_name":"Anotadito | Cuadernos y Agendas Personalizadas","article_publisher":"https:\/\/www.facebook.com\/anotadito","article_modified_time":"2026-04-10T16:32:42+00:00","twitter_card":"summary_large_image","twitter_misc":{"Tiempo de lectura":"4 minutos"},"schema":{"@context":"https:\/\/schema.org","@graph":[{"@type":"WebPage","@id":"https:\/\/anotadito.com\/charlie\/metodos-de-pago\/","url":"https:\/\/anotadito.com\/charlie\/metodos-de-pago\/","name":"M\u00e9todos de pago - Anotadito | Cuadernos y Agendas Personalizadas","isPartOf":{"@id":"https:\/\/anotadito.com\/charlie\/#website"},"datePublished":"2026-04-10T16:31:51+00:00","dateModified":"2026-04-10T16:32:42+00:00","breadcrumb":{"@id":"https:\/\/anotadito.com\/charlie\/metodos-de-pago\/#breadcrumb"},"inLanguage":"es","potentialAction":[{"@type":"ReadAction","target":["https:\/\/anotadito.com\/charlie\/metodos-de-pago\/"]}]},{"@type":"BreadcrumbList","@id":"https:\/\/anotadito.com\/charlie\/metodos-de-pago\/#breadcrumb","itemListElement":[{"@type":"ListItem","position":1,"name":"Portada","item":"https:\/\/anotadito.com\/charlie\/"},{"@type":"ListItem","position":2,"name":"M\u00e9todos de pago"}]},{"@type":"WebSite","@id":"https:\/\/anotadito.com\/charlie\/#website","url":"https:\/\/anotadito.com\/charlie\/","name":"Anotadito | Agendas y Cuadernos Personalizados en Per\u00fa","description":"Cuadernos y agendas personalizadas hechas a pedido. Env\u00edos a todo el Per\u00fa.","publisher":{"@id":"https:\/\/anotadito.com\/charlie\/#organization"},"potentialAction":[{"@type":"SearchAction","target":{"@type":"EntryPoint","urlTemplate":"https:\/\/anotadito.com\/charlie\/?s={search_term_string}"},"query-input":{"@type":"PropertyValueSpecification","valueRequired":true,"valueName":"search_term_string"}}],"inLanguage":"es"},{"@type":"Organization","@id":"https:\/\/anotadito.com\/charlie\/#organization","name":"Anotadito | Agendas y Cuadernos Personalizados en Per\u00fa","url":"https:\/\/anotadito.com\/charlie\/","logo":{"@type":"ImageObject","inLanguage":"es","@id":"https:\/\/anotadito.com\/charlie\/#\/schema\/logo\/image\/","url":"https:\/\/anotadito.com\/charlie\/wp-content\/uploads\/2026\/03\/logo01.webp","contentUrl":"https:\/\/anotadito.com\/charlie\/wp-content\/uploads\/2026\/03\/logo01.webp","width":238,"height":112,"caption":"Anotadito | Agendas y Cuadernos Personalizados en Per\u00fa"},"image":{"@id":"https:\/\/anotadito.com\/charlie\/#\/schema\/logo\/image\/"},"sameAs":["https:\/\/www.facebook.com\/anotadito","https:\/\/www.instagram.com\/anotadito\/"]}]}},"_links":{"self":[{"href":"https:\/\/anotadito.com\/charlie\/wp-json\/wp\/v2\/pages\/2640","targetHints":{"allow":["GET"]}}],"collection":[{"href":"https:\/\/anotadito.com\/charlie\/wp-json\/wp\/v2\/pages"}],"about":[{"href":"https:\/\/anotadito.com\/charlie\/wp-json\/wp\/v2\/types\/page"}],"author":[{"embeddable":true,"href":"https:\/\/anotadito.com\/charlie\/wp-json\/wp\/v2\/users\/1"}],"replies":[{"embeddable":true,"href":"https:\/\/anotadito.com\/charlie\/wp-json\/wp\/v2\/comments?post=2640"}],"version-history":[{"count":4,"href":"https:\/\/anotadito.com\/charlie\/wp-json\/wp\/v2\/pages\/2640\/revisions"}],"predecessor-version":[{"id":2644,"href":"https:\/\/anotadito.com\/charlie\/wp-json\/wp\/v2\/pages\/2640\/revisions\/2644"}],"wp:attachment":[{"href":"https:\/\/anotadito.com\/charlie\/wp-json\/wp\/v2\/media?parent=2640"}],"curies":[{"name":"wp","href":"https:\/\/api.w.org\/{rel}","templated":true}]}}