{"id":2595,"date":"2026-03-19T15:52:20","date_gmt":"2026-03-19T20:52:20","guid":{"rendered":"https:\/\/anotadito.com\/charlie\/?page_id=2595"},"modified":"2026-03-19T15:54:26","modified_gmt":"2026-03-19T20:54:26","slug":"entrega-de-pedidos","status":"publish","type":"page","link":"https:\/\/anotadito.com\/charlie\/entrega-de-pedidos\/","title":{"rendered":"As\u00ed entregamos tus pedidos"},"content":{"rendered":"\t\t<div data-elementor-type=\"wp-page\" data-elementor-id=\"2595\" class=\"elementor elementor-2595\" data-elementor-post-type=\"page\">\n\t\t\t\t<div class=\"aux-parallax-section elementor-element elementor-element-9c04d11 e-flex e-con-boxed e-con e-parent\" data-id=\"9c04d11\" data-element_type=\"container\" data-e-type=\"container\">\n\t\t\t\t\t<div class=\"e-con-inner\">\n\t\t\t\t<div class=\"elementor-element elementor-element-0fe6a35 elementor-widget elementor-widget-spacer\" data-id=\"0fe6a35\" data-element_type=\"widget\" data-e-type=\"widget\" data-widget_type=\"spacer.default\">\n\t\t\t\t<div class=\"elementor-widget-container\">\n\t\t\t\t\t\t\t<div class=\"elementor-spacer\">\n\t\t\t<div class=\"elementor-spacer-inner\"><\/div>\n\t\t<\/div>\n\t\t\t\t\t\t<\/div>\n\t\t\t\t<\/div>\n\t\t\t\t\t<\/div>\n\t\t\t\t<\/div>\n\t\t<div class=\"aux-parallax-section elementor-element elementor-element-98e7013 e-flex e-con-boxed e-con e-parent\" data-id=\"98e7013\" data-element_type=\"container\" data-e-type=\"container\">\n\t\t\t\t\t<div class=\"e-con-inner\">\n\t\t\t\t<div class=\"elementor-element elementor-element-7ca850c elementor-widget elementor-widget-aux_modern_heading\" data-id=\"7ca850c\" data-element_type=\"widget\" data-e-type=\"widget\" data-widget_type=\"aux_modern_heading.default\">\n\t\t\t\t<div class=\"elementor-widget-container\">\n\t\t\t\t\t<section class=\"aux-widget-modern-heading\">\n            <div class=\"aux-widget-inner\"><h2 class=\"aux-modern-heading-primary\">As\u00ed llegamos a tus manos<\/h2><div class=\"aux-modern-heading-divider\"><\/div><div class=\"aux-modern-heading-description\"><p data-start=\"1032\" data-end=\"1149\">En <strong>Anotadito<\/strong> nos aseguramos de que cada pedido llegue r\u00e1pido y seguro. Aqu\u00ed te mostramos algunas de nuestras entregas reales a clientes felices en todo el pa\u00eds.\u201d<\/p><\/div><\/div>\n        <\/section>\t\t\t\t<\/div>\n\t\t\t\t<\/div>\n\t\t\t\t\t<\/div>\n\t\t\t\t<\/div>\n\t\t<div class=\"aux-parallax-section elementor-element elementor-element-ad28e36 e-flex e-con-boxed e-con e-parent\" data-id=\"ad28e36\" data-element_type=\"container\" data-e-type=\"container\">\n\t\t\t\t\t<div class=\"e-con-inner\">\n\t\t\t\t<div class=\"elementor-element elementor-element-9fc797e elementor-widget elementor-widget-aux-gallery\" data-id=\"9fc797e\" data-element_type=\"widget\" data-e-type=\"widget\" data-widget_type=\"aux-gallery.default\">\n\t\t\t\t<div class=\"elementor-widget-container\">\n\t\t\t\t\t<section class=\"widget-container aux-widget-gallery aux-parent-auc4e37a1c\"><div id='aux-gallery-1' class='aux-gallery galleryid-2595 gallery-columns-4 '><div class=\"aux-gallery-container aux-isotope-animated aux-row aux-de-col4 aux-tb-col2 aux-mb-col1 elementor-clickable aux-no-gutter aux-layout-masonry\"  data-pagination=\"false\" data-lazyload=\"false\" data-perpage=\"24\" data-layout=\"masonry\" data-space=\"4\" >    <figure class=\"gallery-item aux-hover-active aux-iso-item aux-col \">\n            <div class=\"aux-frame-mask-plain \">\n                <a href=\"#null\" class=\"aux-frame-ratio-inner aux-frame-darken \" data-elementor-open-lightbox=\"no\" >\n                        <img decoding=\"async\" src=\"https:\/\/anotadito.com\/charlie\/wp-content\/uploads\/2026\/03\/entrega01-300x300.webp\" class=\"aux-attachment aux-featured-image attachment-300x300 aux-attachment-id-2588 \" alt=\"entrega01\" srcset=\"https:\/\/anotadito.com\/charlie\/wp-content\/uploads\/2026\/03\/entrega01-392x697.webp 392w,https:\/\/anotadito.com\/charlie\/wp-content\/uploads\/2026\/03\/entrega01-784x1394.webp 784w,https:\/\/anotadito.com\/charlie\/wp-content\/uploads\/2026\/03\/entrega01-300x300.webp 300w,https:\/\/anotadito.com\/charlie\/wp-content\/uploads\/2026\/03\/entrega01-1070x1070.webp 1070w\" data-ratio=\"1\" data-original-w=\"1080\" sizes=\"(max-width:767px) 100vw,(min-width:768px) and (max-width:1025px) 50vw,392px\" \/>                <\/a>\n            <\/div>\n                <\/figure>\n    <figure class=\"gallery-item aux-hover-active aux-iso-item aux-col \">\n            <div class=\"aux-frame-mask-plain \">\n                <a href=\"#null\" class=\"aux-frame-ratio-inner aux-frame-darken \" data-elementor-open-lightbox=\"no\" >\n                        <img decoding=\"async\" src=\"https:\/\/anotadito.com\/charlie\/wp-content\/uploads\/2026\/03\/entrega02-300x300.webp\" class=\"aux-attachment aux-featured-image attachment-300x300 aux-attachment-id-2587 \" alt=\"entrega02\" srcset=\"https:\/\/anotadito.com\/charlie\/wp-content\/uploads\/2026\/03\/entrega02-392x697.webp 392w,https:\/\/anotadito.com\/charlie\/wp-content\/uploads\/2026\/03\/entrega02-784x1394.webp 784w,https:\/\/anotadito.com\/charlie\/wp-content\/uploads\/2026\/03\/entrega02-300x300.webp 300w,https:\/\/anotadito.com\/charlie\/wp-content\/uploads\/2026\/03\/entrega02-1070x1070.webp 1070w\" data-ratio=\"1\" data-original-w=\"1080\" sizes=\"(max-width:767px) 100vw,(min-width:768px) and (max-width:1025px) 50vw,392px\" \/>                <\/a>\n            <\/div>\n                <\/figure>\n    <figure class=\"gallery-item aux-hover-active aux-iso-item aux-col \">\n            <div class=\"aux-frame-mask-plain \">\n                <a href=\"#null\" class=\"aux-frame-ratio-inner aux-frame-darken \" data-elementor-open-lightbox=\"no\" >\n                        <img decoding=\"async\" src=\"https:\/\/anotadito.com\/charlie\/wp-content\/uploads\/2026\/03\/entrega03-300x300.webp\" class=\"aux-attachment aux-featured-image attachment-300x300 aux-attachment-id-2586 \" alt=\"entrega03\" srcset=\"https:\/\/anotadito.com\/charlie\/wp-content\/uploads\/2026\/03\/entrega03-392x697.webp 392w,https:\/\/anotadito.com\/charlie\/wp-content\/uploads\/2026\/03\/entrega03-784x1394.webp 784w,https:\/\/anotadito.com\/charlie\/wp-content\/uploads\/2026\/03\/entrega03-300x300.webp 300w,https:\/\/anotadito.com\/charlie\/wp-content\/uploads\/2026\/03\/entrega03-1070x1070.webp 1070w\" data-ratio=\"1\" data-original-w=\"1080\" sizes=\"(max-width:767px) 100vw,(min-width:768px) and (max-width:1025px) 50vw,392px\" \/>                <\/a>\n            <\/div>\n                <\/figure>\n    <figure class=\"gallery-item aux-hover-active aux-iso-item aux-col \">\n            <div class=\"aux-frame-mask-plain \">\n                <a href=\"#null\" class=\"aux-frame-ratio-inner aux-frame-darken \" data-elementor-open-lightbox=\"no\" >\n                        <img decoding=\"async\" src=\"https:\/\/anotadito.com\/charlie\/wp-content\/uploads\/2026\/03\/entrega04-300x300.webp\" class=\"aux-attachment aux-featured-image attachment-300x300 aux-attachment-id-2585 \" alt=\"entrega04\" srcset=\"https:\/\/anotadito.com\/charlie\/wp-content\/uploads\/2026\/03\/entrega04-392x697.webp 392w,https:\/\/anotadito.com\/charlie\/wp-content\/uploads\/2026\/03\/entrega04-784x1394.webp 784w,https:\/\/anotadito.com\/charlie\/wp-content\/uploads\/2026\/03\/entrega04-300x300.webp 300w,https:\/\/anotadito.com\/charlie\/wp-content\/uploads\/2026\/03\/entrega04-1070x1070.webp 1070w\" data-ratio=\"1\" data-original-w=\"1080\" sizes=\"(max-width:767px) 100vw,(min-width:768px) and (max-width:1025px) 50vw,392px\" \/>                <\/a>\n            <\/div>\n                <\/figure>\n    <figure class=\"gallery-item aux-hover-active aux-iso-item aux-col \">\n            <div class=\"aux-frame-mask-plain \">\n                <a href=\"#null\" class=\"aux-frame-ratio-inner aux-frame-darken \" data-elementor-open-lightbox=\"no\" >\n                        <img decoding=\"async\" src=\"https:\/\/anotadito.com\/charlie\/wp-content\/uploads\/2026\/03\/entrega05-300x300.webp\" class=\"aux-attachment aux-featured-image attachment-300x300 aux-attachment-id-2584 \" alt=\"entrega05\" srcset=\"https:\/\/anotadito.com\/charlie\/wp-content\/uploads\/2026\/03\/entrega05-392x697.webp 392w,https:\/\/anotadito.com\/charlie\/wp-content\/uploads\/2026\/03\/entrega05-784x1394.webp 784w,https:\/\/anotadito.com\/charlie\/wp-content\/uploads\/2026\/03\/entrega05-300x300.webp 300w,https:\/\/anotadito.com\/charlie\/wp-content\/uploads\/2026\/03\/entrega05-1070x1070.webp 1070w\" data-ratio=\"1\" data-original-w=\"1080\" sizes=\"(max-width:767px) 100vw,(min-width:768px) and (max-width:1025px) 50vw,392px\" \/>                <\/a>\n            <\/div>\n                <\/figure>\n    <figure class=\"gallery-item aux-hover-active aux-iso-item aux-col \">\n            <div class=\"aux-frame-mask-plain \">\n                <a href=\"#null\" class=\"aux-frame-ratio-inner aux-frame-darken \" data-elementor-open-lightbox=\"no\" >\n                        <img decoding=\"async\" src=\"https:\/\/anotadito.com\/charlie\/wp-content\/uploads\/2026\/03\/entrega06-300x300.webp\" class=\"aux-attachment aux-featured-image attachment-300x300 aux-attachment-id-2583 \" alt=\"entrega06\" srcset=\"https:\/\/anotadito.com\/charlie\/wp-content\/uploads\/2026\/03\/entrega06-392x697.webp 392w,https:\/\/anotadito.com\/charlie\/wp-content\/uploads\/2026\/03\/entrega06-784x1394.webp 784w,https:\/\/anotadito.com\/charlie\/wp-content\/uploads\/2026\/03\/entrega06-300x300.webp 300w,https:\/\/anotadito.com\/charlie\/wp-content\/uploads\/2026\/03\/entrega06-1070x1070.webp 1070w\" data-ratio=\"1\" data-original-w=\"1080\" sizes=\"(max-width:767px) 100vw,(min-width:768px) and (max-width:1025px) 50vw,392px\" \/>                <\/a>\n            <\/div>\n                <\/figure>\n<\/div><\/div><\/section><!-- widget-container --><style>.aux-parent-auc4e37a1c .aux-frame-ratio { padding-bottom:0% }<\/style>\t\t\t\t<\/div>\n\t\t\t\t<\/div>\n\t\t\t\t\t<\/div>\n\t\t\t\t<\/div>\n\t\t\t\t<\/div>\n\t\t","protected":false},"excerpt":{"rendered":"<p>As\u00ed llegamos a tus manos En Anotadito nos aseguramos de que cada pedido llegue r\u00e1pido y seguro. Aqu\u00ed te mostramos algunas de nuestras entregas reales a clientes felices en todo el pa\u00eds.\u201d<\/p>\n","protected":false},"author":1,"featured_media":0,"parent":0,"menu_order":0,"comment_status":"closed","ping_status":"closed","template":"","meta":{"footnotes":""},"class_list":["post-2595","page","type-page","status-publish","hentry"],"yoast_head":"<!-- This site is optimized with the Yoast SEO plugin v27.4 - https:\/\/yoast.com\/product\/yoast-seo-wordpress\/ -->\n<title>As\u00ed entregamos tus pedidos - Anotadito | Cuadernos y Agendas Personalizadas<\/title>\n<meta name=\"robots\" content=\"noindex, follow, max-snippet:-1, max-image-preview:large, max-video-preview:-1\" \/>\n<meta property=\"og:locale\" content=\"es_ES\" \/>\n<meta property=\"og:type\" content=\"article\" \/>\n<meta property=\"og:title\" content=\"As\u00ed entregamos tus pedidos - Anotadito | Cuadernos y Agendas Personalizadas\" \/>\n<meta property=\"og:description\" content=\"As\u00ed llegamos a tus manos En Anotadito nos aseguramos de que cada pedido llegue r\u00e1pido y seguro. Aqu\u00ed te mostramos algunas de nuestras entregas reales a clientes felices en todo el pa\u00eds.\u201d\" \/>\n<meta property=\"og:url\" content=\"https:\/\/anotadito.com\/charlie\/entrega-de-pedidos\/\" \/>\n<meta property=\"og:site_name\" content=\"Anotadito | Cuadernos y Agendas Personalizadas\" \/>\n<meta property=\"article:publisher\" content=\"https:\/\/www.facebook.com\/anotadito\" \/>\n<meta property=\"article:modified_time\" content=\"2026-03-19T20:54:26+00:00\" \/>\n<meta property=\"og:image\" content=\"https:\/\/anotadito.com\/wp-content\/uploads\/2026\/03\/entrega01-300x300.webp\" \/>\n<meta name=\"twitter:card\" content=\"summary_large_image\" \/>\n<meta name=\"twitter:label1\" content=\"Tiempo de lectura\" \/>\n\t<meta name=\"twitter:data1\" content=\"2 minutos\" \/>\n<script type=\"application\/ld+json\" class=\"yoast-schema-graph\">{\"@context\":\"https:\\\/\\\/schema.org\",\"@graph\":[{\"@type\":\"WebPage\",\"@id\":\"https:\\\/\\\/anotadito.com\\\/charlie\\\/entrega-de-pedidos\\\/\",\"url\":\"https:\\\/\\\/anotadito.com\\\/charlie\\\/entrega-de-pedidos\\\/\",\"name\":\"As\u00ed entregamos tus pedidos - Anotadito | Cuadernos y Agendas Personalizadas\",\"isPartOf\":{\"@id\":\"https:\\\/\\\/anotadito.com\\\/charlie\\\/#website\"},\"primaryImageOfPage\":{\"@id\":\"https:\\\/\\\/anotadito.com\\\/charlie\\\/entrega-de-pedidos\\\/#primaryimage\"},\"image\":{\"@id\":\"https:\\\/\\\/anotadito.com\\\/charlie\\\/entrega-de-pedidos\\\/#primaryimage\"},\"thumbnailUrl\":\"https:\\\/\\\/anotadito.com\\\/wp-content\\\/uploads\\\/2026\\\/03\\\/entrega01-300x300.webp\",\"datePublished\":\"2026-03-19T20:52:20+00:00\",\"dateModified\":\"2026-03-19T20:54:26+00:00\",\"breadcrumb\":{\"@id\":\"https:\\\/\\\/anotadito.com\\\/charlie\\\/entrega-de-pedidos\\\/#breadcrumb\"},\"inLanguage\":\"es\",\"potentialAction\":[{\"@type\":\"ReadAction\",\"target\":[\"https:\\\/\\\/anotadito.com\\\/charlie\\\/entrega-de-pedidos\\\/\"]}]},{\"@type\":\"ImageObject\",\"inLanguage\":\"es\",\"@id\":\"https:\\\/\\\/anotadito.com\\\/charlie\\\/entrega-de-pedidos\\\/#primaryimage\",\"url\":\"https:\\\/\\\/anotadito.com\\\/wp-content\\\/uploads\\\/2026\\\/03\\\/entrega01-300x300.webp\",\"contentUrl\":\"https:\\\/\\\/anotadito.com\\\/wp-content\\\/uploads\\\/2026\\\/03\\\/entrega01-300x300.webp\"},{\"@type\":\"BreadcrumbList\",\"@id\":\"https:\\\/\\\/anotadito.com\\\/charlie\\\/entrega-de-pedidos\\\/#breadcrumb\",\"itemListElement\":[{\"@type\":\"ListItem\",\"position\":1,\"name\":\"Portada\",\"item\":\"https:\\\/\\\/anotadito.com\\\/charlie\\\/\"},{\"@type\":\"ListItem\",\"position\":2,\"name\":\"As\u00ed entregamos tus pedidos\"}]},{\"@type\":\"WebSite\",\"@id\":\"https:\\\/\\\/anotadito.com\\\/charlie\\\/#website\",\"url\":\"https:\\\/\\\/anotadito.com\\\/charlie\\\/\",\"name\":\"Anotadito | Agendas y Cuadernos Personalizados en Per\u00fa\",\"description\":\"Cuadernos y agendas personalizadas hechas a pedido. Env\u00edos a todo el Per\u00fa.\",\"publisher\":{\"@id\":\"https:\\\/\\\/anotadito.com\\\/charlie\\\/#organization\"},\"potentialAction\":[{\"@type\":\"SearchAction\",\"target\":{\"@type\":\"EntryPoint\",\"urlTemplate\":\"https:\\\/\\\/anotadito.com\\\/charlie\\\/?s={search_term_string}\"},\"query-input\":{\"@type\":\"PropertyValueSpecification\",\"valueRequired\":true,\"valueName\":\"search_term_string\"}}],\"inLanguage\":\"es\"},{\"@type\":\"Organization\",\"@id\":\"https:\\\/\\\/anotadito.com\\\/charlie\\\/#organization\",\"name\":\"Anotadito | Agendas y Cuadernos Personalizados en Per\u00fa\",\"url\":\"https:\\\/\\\/anotadito.com\\\/charlie\\\/\",\"logo\":{\"@type\":\"ImageObject\",\"inLanguage\":\"es\",\"@id\":\"https:\\\/\\\/anotadito.com\\\/charlie\\\/#\\\/schema\\\/logo\\\/image\\\/\",\"url\":\"https:\\\/\\\/anotadito.com\\\/charlie\\\/wp-content\\\/uploads\\\/2026\\\/03\\\/logo01.webp\",\"contentUrl\":\"https:\\\/\\\/anotadito.com\\\/charlie\\\/wp-content\\\/uploads\\\/2026\\\/03\\\/logo01.webp\",\"width\":238,\"height\":112,\"caption\":\"Anotadito | Agendas y Cuadernos Personalizados en Per\u00fa\"},\"image\":{\"@id\":\"https:\\\/\\\/anotadito.com\\\/charlie\\\/#\\\/schema\\\/logo\\\/image\\\/\"},\"sameAs\":[\"https:\\\/\\\/www.facebook.com\\\/anotadito\",\"https:\\\/\\\/www.instagram.com\\\/anotadito\\\/\"]}]}<\/script>\n<!-- \/ Yoast SEO plugin. -->","yoast_head_json":{"title":"As\u00ed entregamos tus pedidos - Anotadito | Cuadernos y Agendas Personalizadas","robots":{"index":"noindex","follow":"follow","max-snippet":"max-snippet:-1","max-image-preview":"max-image-preview:large","max-video-preview":"max-video-preview:-1"},"og_locale":"es_ES","og_type":"article","og_title":"As\u00ed entregamos tus pedidos - Anotadito | Cuadernos y Agendas Personalizadas","og_description":"As\u00ed llegamos a tus manos En Anotadito nos aseguramos de que cada pedido llegue r\u00e1pido y seguro. Aqu\u00ed te mostramos algunas de nuestras entregas reales a clientes felices en todo el pa\u00eds.\u201d","og_url":"https:\/\/anotadito.com\/charlie\/entrega-de-pedidos\/","og_site_name":"Anotadito | Cuadernos y Agendas Personalizadas","article_publisher":"https:\/\/www.facebook.com\/anotadito","article_modified_time":"2026-03-19T20:54:26+00:00","og_image":[{"url":"https:\/\/anotadito.com\/wp-content\/uploads\/2026\/03\/entrega01-300x300.webp","type":"","width":"","height":""}],"twitter_card":"summary_large_image","twitter_misc":{"Tiempo de lectura":"2 minutos"},"schema":{"@context":"https:\/\/schema.org","@graph":[{"@type":"WebPage","@id":"https:\/\/anotadito.com\/charlie\/entrega-de-pedidos\/","url":"https:\/\/anotadito.com\/charlie\/entrega-de-pedidos\/","name":"As\u00ed entregamos tus pedidos - Anotadito | Cuadernos y Agendas Personalizadas","isPartOf":{"@id":"https:\/\/anotadito.com\/charlie\/#website"},"primaryImageOfPage":{"@id":"https:\/\/anotadito.com\/charlie\/entrega-de-pedidos\/#primaryimage"},"image":{"@id":"https:\/\/anotadito.com\/charlie\/entrega-de-pedidos\/#primaryimage"},"thumbnailUrl":"https:\/\/anotadito.com\/wp-content\/uploads\/2026\/03\/entrega01-300x300.webp","datePublished":"2026-03-19T20:52:20+00:00","dateModified":"2026-03-19T20:54:26+00:00","breadcrumb":{"@id":"https:\/\/anotadito.com\/charlie\/entrega-de-pedidos\/#breadcrumb"},"inLanguage":"es","potentialAction":[{"@type":"ReadAction","target":["https:\/\/anotadito.com\/charlie\/entrega-de-pedidos\/"]}]},{"@type":"ImageObject","inLanguage":"es","@id":"https:\/\/anotadito.com\/charlie\/entrega-de-pedidos\/#primaryimage","url":"https:\/\/anotadito.com\/wp-content\/uploads\/2026\/03\/entrega01-300x300.webp","contentUrl":"https:\/\/anotadito.com\/wp-content\/uploads\/2026\/03\/entrega01-300x300.webp"},{"@type":"BreadcrumbList","@id":"https:\/\/anotadito.com\/charlie\/entrega-de-pedidos\/#breadcrumb","itemListElement":[{"@type":"ListItem","position":1,"name":"Portada","item":"https:\/\/anotadito.com\/charlie\/"},{"@type":"ListItem","position":2,"name":"As\u00ed entregamos tus pedidos"}]},{"@type":"WebSite","@id":"https:\/\/anotadito.com\/charlie\/#website","url":"https:\/\/anotadito.com\/charlie\/","name":"Anotadito | Agendas y Cuadernos Personalizados en Per\u00fa","description":"Cuadernos y agendas personalizadas hechas a pedido. Env\u00edos a todo el Per\u00fa.","publisher":{"@id":"https:\/\/anotadito.com\/charlie\/#organization"},"potentialAction":[{"@type":"SearchAction","target":{"@type":"EntryPoint","urlTemplate":"https:\/\/anotadito.com\/charlie\/?s={search_term_string}"},"query-input":{"@type":"PropertyValueSpecification","valueRequired":true,"valueName":"search_term_string"}}],"inLanguage":"es"},{"@type":"Organization","@id":"https:\/\/anotadito.com\/charlie\/#organization","name":"Anotadito | Agendas y Cuadernos Personalizados en Per\u00fa","url":"https:\/\/anotadito.com\/charlie\/","logo":{"@type":"ImageObject","inLanguage":"es","@id":"https:\/\/anotadito.com\/charlie\/#\/schema\/logo\/image\/","url":"https:\/\/anotadito.com\/charlie\/wp-content\/uploads\/2026\/03\/logo01.webp","contentUrl":"https:\/\/anotadito.com\/charlie\/wp-content\/uploads\/2026\/03\/logo01.webp","width":238,"height":112,"caption":"Anotadito | Agendas y Cuadernos Personalizados en Per\u00fa"},"image":{"@id":"https:\/\/anotadito.com\/charlie\/#\/schema\/logo\/image\/"},"sameAs":["https:\/\/www.facebook.com\/anotadito","https:\/\/www.instagram.com\/anotadito\/"]}]}},"_links":{"self":[{"href":"https:\/\/anotadito.com\/charlie\/wp-json\/wp\/v2\/pages\/2595","targetHints":{"allow":["GET"]}}],"collection":[{"href":"https:\/\/anotadito.com\/charlie\/wp-json\/wp\/v2\/pages"}],"about":[{"href":"https:\/\/anotadito.com\/charlie\/wp-json\/wp\/v2\/types\/page"}],"author":[{"embeddable":true,"href":"https:\/\/anotadito.com\/charlie\/wp-json\/wp\/v2\/users\/1"}],"replies":[{"embeddable":true,"href":"https:\/\/anotadito.com\/charlie\/wp-json\/wp\/v2\/comments?post=2595"}],"version-history":[{"count":4,"href":"https:\/\/anotadito.com\/charlie\/wp-json\/wp\/v2\/pages\/2595\/revisions"}],"predecessor-version":[{"id":2600,"href":"https:\/\/anotadito.com\/charlie\/wp-json\/wp\/v2\/pages\/2595\/revisions\/2600"}],"wp:attachment":[{"href":"https:\/\/anotadito.com\/charlie\/wp-json\/wp\/v2\/media?parent=2595"}],"curies":[{"name":"wp","href":"https:\/\/api.w.org\/{rel}","templated":true}]}}