{"id":1018,"date":"2020-12-16T06:50:48","date_gmt":"2020-12-16T11:50:48","guid":{"rendered":"https:\/\/anotadito.com\/charlie\/my-account\/"},"modified":"2026-04-21T20:07:56","modified_gmt":"2026-04-22T01:07:56","slug":"mi-cuenta","status":"publish","type":"page","link":"https:\/\/anotadito.com\/charlie\/mi-cuenta\/","title":{"rendered":"Mi cuenta"},"content":{"rendered":"\t\t<div data-elementor-type=\"wp-page\" data-elementor-id=\"1018\" class=\"elementor elementor-1018\" data-elementor-post-type=\"page\">\n\t\t\t\t<div class=\"aux-parallax-section elementor-element elementor-element-6ccd37c2 e-flex e-con-boxed e-con e-parent\" data-id=\"6ccd37c2\" data-element_type=\"container\" data-e-type=\"container\">\n\t\t\t\t\t<div class=\"e-con-inner\">\n\t\t\t\t<div class=\"elementor-element elementor-element-2f14a67 elementor-widget elementor-widget-spacer\" data-id=\"2f14a67\" data-element_type=\"widget\" data-e-type=\"widget\" data-widget_type=\"spacer.default\">\n\t\t\t\t<div class=\"elementor-widget-container\">\n\t\t\t\t\t\t\t<div class=\"elementor-spacer\">\n\t\t\t<div class=\"elementor-spacer-inner\"><\/div>\n\t\t<\/div>\n\t\t\t\t\t\t<\/div>\n\t\t\t\t<\/div>\n\t\t\t\t<div class=\"elementor-element elementor-element-302ee8e elementor-widget elementor-widget-aux_modern_heading\" data-id=\"302ee8e\" data-element_type=\"widget\" data-e-type=\"widget\" data-widget_type=\"aux_modern_heading.default\">\n\t\t\t\t<div class=\"elementor-widget-container\">\n\t\t\t\t\t<section class=\"aux-widget-modern-heading\">\n            <div class=\"aux-widget-inner\"><h2 class=\"aux-modern-heading-primary\">Mi Cuenta<\/h2><\/div>\n        <\/section>\t\t\t\t<\/div>\n\t\t\t\t<\/div>\n\t\t\t\t\t<\/div>\n\t\t\t\t<\/div>\n\t\t<div class=\"aux-parallax-section elementor-element elementor-element-d1dfed0 e-flex e-con-boxed e-con e-parent\" data-id=\"d1dfed0\" data-element_type=\"container\" data-e-type=\"container\">\n\t\t\t\t\t<div class=\"e-con-inner\">\n\t\t\t\t<div class=\"elementor-element elementor-element-306b298 e-my-account-tabs-vertical elementor-widget elementor-widget-woocommerce-my-account\" data-id=\"306b298\" data-element_type=\"widget\" data-e-type=\"widget\" data-widget_type=\"woocommerce-my-account.default\">\n\t\t\t\t<div class=\"elementor-widget-container\">\n\t\t\t\t\t<div class=\"e-my-account-tab e-my-account-tab__ \">\t\t\t<div class=\"woocommerce\"><\/div>\t\t<\/div>\r\n\t\t\t\t\t\t<\/div>\n\t\t\t\t<\/div>\n\t\t\t\t\t<\/div>\n\t\t\t\t<\/div>\n\t\t\t\t<\/div>\n\t\t","protected":false},"excerpt":{"rendered":"<p>Mi Cuenta Escritorio Pedidos Descargas Direcciones Detalles de la cuenta Salir Hola charmo@anotadito.com (\u00bfno eres charmo@anotadito.com? Cerrar sesi\u00f3n) Desde el escritorio de tu cuenta puedes ver tus pedidos recientes, gestionar tus direcciones de env\u00edo y facturaci\u00f3n y editar tu contrase\u00f1a y los detalles de tu cuenta.<\/p>\n","protected":false},"author":1,"featured_media":0,"parent":0,"menu_order":0,"comment_status":"closed","ping_status":"closed","template":"","meta":{"footnotes":""},"class_list":["post-1018","page","type-page","status-publish","hentry"],"yoast_head":"<!-- This site is optimized with the Yoast SEO plugin v27.4 - https:\/\/yoast.com\/product\/yoast-seo-wordpress\/ -->\n<title>Mi cuenta - Anotadito | Cuadernos y Agendas Personalizadas<\/title>\n<meta name=\"robots\" content=\"noindex, follow, max-snippet:-1, max-image-preview:large, max-video-preview:-1\" \/>\n<meta property=\"og:locale\" content=\"es_ES\" \/>\n<meta property=\"og:type\" content=\"article\" \/>\n<meta property=\"og:title\" content=\"Mi cuenta - Anotadito | Cuadernos y Agendas Personalizadas\" \/>\n<meta property=\"og:description\" content=\"Mi Cuenta Escritorio Pedidos Descargas Direcciones Detalles de la cuenta Salir Hola charmo@anotadito.com (\u00bfno eres charmo@anotadito.com? Cerrar sesi\u00f3n) Desde el escritorio de tu cuenta puedes ver tus pedidos recientes, gestionar tus direcciones de env\u00edo y facturaci\u00f3n y editar tu contrase\u00f1a y los detalles de tu cuenta.\" \/>\n<meta property=\"og:url\" content=\"https:\/\/anotadito.com\/charlie\/mi-cuenta\/\" \/>\n<meta property=\"og:site_name\" content=\"Anotadito | Cuadernos y Agendas Personalizadas\" \/>\n<meta property=\"article:publisher\" content=\"https:\/\/www.facebook.com\/anotadito\" \/>\n<meta property=\"article:modified_time\" content=\"2026-04-22T01:07:56+00:00\" \/>\n<meta name=\"twitter:card\" content=\"summary_large_image\" \/>\n<meta name=\"twitter:label1\" content=\"Tiempo de lectura\" \/>\n\t<meta name=\"twitter:data1\" content=\"1 minuto\" \/>\n<script type=\"application\/ld+json\" class=\"yoast-schema-graph\">{\"@context\":\"https:\\\/\\\/schema.org\",\"@graph\":[{\"@type\":\"WebPage\",\"@id\":\"https:\\\/\\\/anotadito.com\\\/charlie\\\/mi-cuenta\\\/\",\"url\":\"https:\\\/\\\/anotadito.com\\\/charlie\\\/mi-cuenta\\\/\",\"name\":\"Mi cuenta - Anotadito | Cuadernos y Agendas Personalizadas\",\"isPartOf\":{\"@id\":\"https:\\\/\\\/anotadito.com\\\/charlie\\\/#website\"},\"datePublished\":\"2020-12-16T11:50:48+00:00\",\"dateModified\":\"2026-04-22T01:07:56+00:00\",\"breadcrumb\":{\"@id\":\"https:\\\/\\\/anotadito.com\\\/charlie\\\/mi-cuenta\\\/#breadcrumb\"},\"inLanguage\":\"es\",\"potentialAction\":[{\"@type\":\"ReadAction\",\"target\":[\"https:\\\/\\\/anotadito.com\\\/charlie\\\/mi-cuenta\\\/\"]}]},{\"@type\":\"BreadcrumbList\",\"@id\":\"https:\\\/\\\/anotadito.com\\\/charlie\\\/mi-cuenta\\\/#breadcrumb\",\"itemListElement\":[{\"@type\":\"ListItem\",\"position\":1,\"name\":\"Portada\",\"item\":\"https:\\\/\\\/anotadito.com\\\/charlie\\\/\"},{\"@type\":\"ListItem\",\"position\":2,\"name\":\"Mi cuenta\"}]},{\"@type\":\"WebSite\",\"@id\":\"https:\\\/\\\/anotadito.com\\\/charlie\\\/#website\",\"url\":\"https:\\\/\\\/anotadito.com\\\/charlie\\\/\",\"name\":\"Anotadito | Agendas y Cuadernos Personalizados en Per\u00fa\",\"description\":\"Cuadernos y agendas personalizadas hechas a pedido. Env\u00edos a todo el Per\u00fa.\",\"publisher\":{\"@id\":\"https:\\\/\\\/anotadito.com\\\/charlie\\\/#organization\"},\"potentialAction\":[{\"@type\":\"SearchAction\",\"target\":{\"@type\":\"EntryPoint\",\"urlTemplate\":\"https:\\\/\\\/anotadito.com\\\/charlie\\\/?s={search_term_string}\"},\"query-input\":{\"@type\":\"PropertyValueSpecification\",\"valueRequired\":true,\"valueName\":\"search_term_string\"}}],\"inLanguage\":\"es\"},{\"@type\":\"Organization\",\"@id\":\"https:\\\/\\\/anotadito.com\\\/charlie\\\/#organization\",\"name\":\"Anotadito | Agendas y Cuadernos Personalizados en Per\u00fa\",\"url\":\"https:\\\/\\\/anotadito.com\\\/charlie\\\/\",\"logo\":{\"@type\":\"ImageObject\",\"inLanguage\":\"es\",\"@id\":\"https:\\\/\\\/anotadito.com\\\/charlie\\\/#\\\/schema\\\/logo\\\/image\\\/\",\"url\":\"https:\\\/\\\/anotadito.com\\\/charlie\\\/wp-content\\\/uploads\\\/2026\\\/03\\\/logo01.webp\",\"contentUrl\":\"https:\\\/\\\/anotadito.com\\\/charlie\\\/wp-content\\\/uploads\\\/2026\\\/03\\\/logo01.webp\",\"width\":238,\"height\":112,\"caption\":\"Anotadito | Agendas y Cuadernos Personalizados en Per\u00fa\"},\"image\":{\"@id\":\"https:\\\/\\\/anotadito.com\\\/charlie\\\/#\\\/schema\\\/logo\\\/image\\\/\"},\"sameAs\":[\"https:\\\/\\\/www.facebook.com\\\/anotadito\",\"https:\\\/\\\/www.instagram.com\\\/anotadito\\\/\"]}]}<\/script>\n<!-- \/ Yoast SEO plugin. -->","yoast_head_json":{"title":"Mi cuenta - Anotadito | Cuadernos y Agendas Personalizadas","robots":{"index":"noindex","follow":"follow","max-snippet":"max-snippet:-1","max-image-preview":"max-image-preview:large","max-video-preview":"max-video-preview:-1"},"og_locale":"es_ES","og_type":"article","og_title":"Mi cuenta - Anotadito | Cuadernos y Agendas Personalizadas","og_description":"Mi Cuenta Escritorio Pedidos Descargas Direcciones Detalles de la cuenta Salir Hola charmo@anotadito.com (\u00bfno eres charmo@anotadito.com? Cerrar sesi\u00f3n) Desde el escritorio de tu cuenta puedes ver tus pedidos recientes, gestionar tus direcciones de env\u00edo y facturaci\u00f3n y editar tu contrase\u00f1a y los detalles de tu cuenta.","og_url":"https:\/\/anotadito.com\/charlie\/mi-cuenta\/","og_site_name":"Anotadito | Cuadernos y Agendas Personalizadas","article_publisher":"https:\/\/www.facebook.com\/anotadito","article_modified_time":"2026-04-22T01:07:56+00:00","twitter_card":"summary_large_image","twitter_misc":{"Tiempo de lectura":"1 minuto"},"schema":{"@context":"https:\/\/schema.org","@graph":[{"@type":"WebPage","@id":"https:\/\/anotadito.com\/charlie\/mi-cuenta\/","url":"https:\/\/anotadito.com\/charlie\/mi-cuenta\/","name":"Mi cuenta - Anotadito | Cuadernos y Agendas Personalizadas","isPartOf":{"@id":"https:\/\/anotadito.com\/charlie\/#website"},"datePublished":"2020-12-16T11:50:48+00:00","dateModified":"2026-04-22T01:07:56+00:00","breadcrumb":{"@id":"https:\/\/anotadito.com\/charlie\/mi-cuenta\/#breadcrumb"},"inLanguage":"es","potentialAction":[{"@type":"ReadAction","target":["https:\/\/anotadito.com\/charlie\/mi-cuenta\/"]}]},{"@type":"BreadcrumbList","@id":"https:\/\/anotadito.com\/charlie\/mi-cuenta\/#breadcrumb","itemListElement":[{"@type":"ListItem","position":1,"name":"Portada","item":"https:\/\/anotadito.com\/charlie\/"},{"@type":"ListItem","position":2,"name":"Mi cuenta"}]},{"@type":"WebSite","@id":"https:\/\/anotadito.com\/charlie\/#website","url":"https:\/\/anotadito.com\/charlie\/","name":"Anotadito | Agendas y Cuadernos Personalizados en Per\u00fa","description":"Cuadernos y agendas personalizadas hechas a pedido. Env\u00edos a todo el Per\u00fa.","publisher":{"@id":"https:\/\/anotadito.com\/charlie\/#organization"},"potentialAction":[{"@type":"SearchAction","target":{"@type":"EntryPoint","urlTemplate":"https:\/\/anotadito.com\/charlie\/?s={search_term_string}"},"query-input":{"@type":"PropertyValueSpecification","valueRequired":true,"valueName":"search_term_string"}}],"inLanguage":"es"},{"@type":"Organization","@id":"https:\/\/anotadito.com\/charlie\/#organization","name":"Anotadito | Agendas y Cuadernos Personalizados en Per\u00fa","url":"https:\/\/anotadito.com\/charlie\/","logo":{"@type":"ImageObject","inLanguage":"es","@id":"https:\/\/anotadito.com\/charlie\/#\/schema\/logo\/image\/","url":"https:\/\/anotadito.com\/charlie\/wp-content\/uploads\/2026\/03\/logo01.webp","contentUrl":"https:\/\/anotadito.com\/charlie\/wp-content\/uploads\/2026\/03\/logo01.webp","width":238,"height":112,"caption":"Anotadito | Agendas y Cuadernos Personalizados en Per\u00fa"},"image":{"@id":"https:\/\/anotadito.com\/charlie\/#\/schema\/logo\/image\/"},"sameAs":["https:\/\/www.facebook.com\/anotadito","https:\/\/www.instagram.com\/anotadito\/"]}]}},"_links":{"self":[{"href":"https:\/\/anotadito.com\/charlie\/wp-json\/wp\/v2\/pages\/1018","targetHints":{"allow":["GET"]}}],"collection":[{"href":"https:\/\/anotadito.com\/charlie\/wp-json\/wp\/v2\/pages"}],"about":[{"href":"https:\/\/anotadito.com\/charlie\/wp-json\/wp\/v2\/types\/page"}],"author":[{"embeddable":true,"href":"https:\/\/anotadito.com\/charlie\/wp-json\/wp\/v2\/users\/1"}],"replies":[{"embeddable":true,"href":"https:\/\/anotadito.com\/charlie\/wp-json\/wp\/v2\/comments?post=1018"}],"version-history":[{"count":97,"href":"https:\/\/anotadito.com\/charlie\/wp-json\/wp\/v2\/pages\/1018\/revisions"}],"predecessor-version":[{"id":3128,"href":"https:\/\/anotadito.com\/charlie\/wp-json\/wp\/v2\/pages\/1018\/revisions\/3128"}],"wp:attachment":[{"href":"https:\/\/anotadito.com\/charlie\/wp-json\/wp\/v2\/media?parent=1018"}],"curies":[{"name":"wp","href":"https:\/\/api.w.org\/{rel}","templated":true}]}}